{"id":1012,"date":"2024-01-23T16:55:03","date_gmt":"2024-01-23T21:55:03","guid":{"rendered":"https:\/\/gatu.camasarticuladas10.com\/?post_type=product&#038;p=1012"},"modified":"2025-02-12T06:47:49","modified_gmt":"2025-02-12T11:47:49","slug":"polera-mostaza","status":"publish","type":"product","link":"https:\/\/gatu.camasarticuladas10.com\/?product=polera-mostaza","title":{"rendered":"Polera Mostaza"},"content":{"rendered":"<p>Con un funcional bolsito tipo canguro para colocar a tu gatito y que puedas cargarlo con total comodidad para ambos<\/p>\n","protected":false},"excerpt":{"rendered":"<p>Hermoso hoodie para disfrutar la compa\u00f1\u00eda de tu gat\u00fa.<\/p>\n","protected":false},"featured_media":1013,"comment_status":"open","ping_status":"closed","template":"","meta":{"_acf_changed":false,"om_disable_all_campaigns":false,"_themeisle_gutenberg_block_has_review":false},"product_brand":[],"product_cat":[36],"product_tag":[37],"class_list":{"0":"post-1012","1":"product","2":"type-product","3":"status-publish","4":"has-post-thumbnail","6":"product_cat-hoodies","7":"product_tag-hoodie","9":"first","10":"instock","11":"sold-individually","12":"taxable","13":"shipping-taxable","14":"purchasable","15":"product-type-variable","16":"has-default-attributes"},"acf":[],"_links":{"self":[{"href":"https:\/\/gatu.camasarticuladas10.com\/index.php?rest_route=\/wp\/v2\/product\/1012","targetHints":{"allow":["GET"]}}],"collection":[{"href":"https:\/\/gatu.camasarticuladas10.com\/index.php?rest_route=\/wp\/v2\/product"}],"about":[{"href":"https:\/\/gatu.camasarticuladas10.com\/index.php?rest_route=\/wp\/v2\/types\/product"}],"replies":[{"embeddable":true,"href":"https:\/\/gatu.camasarticuladas10.com\/index.php?rest_route=%2Fwp%2Fv2%2Fcomments&post=1012"}],"version-history":[{"count":0,"href":"https:\/\/gatu.camasarticuladas10.com\/index.php?rest_route=\/wp\/v2\/product\/1012\/revisions"}],"wp:featuredmedia":[{"embeddable":true,"href":"https:\/\/gatu.camasarticuladas10.com\/index.php?rest_route=\/wp\/v2\/media\/1013"}],"wp:attachment":[{"href":"https:\/\/gatu.camasarticuladas10.com\/index.php?rest_route=%2Fwp%2Fv2%2Fmedia&parent=1012"}],"wp:term":[{"taxonomy":"product_brand","embeddable":true,"href":"https:\/\/gatu.camasarticuladas10.com\/index.php?rest_route=%2Fwp%2Fv2%2Fproduct_brand&post=1012"},{"taxonomy":"product_cat","embeddable":true,"href":"https:\/\/gatu.camasarticuladas10.com\/index.php?rest_route=%2Fwp%2Fv2%2Fproduct_cat&post=1012"},{"taxonomy":"product_tag","embeddable":true,"href":"https:\/\/gatu.camasarticuladas10.com\/index.php?rest_route=%2Fwp%2Fv2%2Fproduct_tag&post=1012"}],"curies":[{"name":"wp","href":"https:\/\/api.w.org\/{rel}","templated":true}]}}