{"id":396,"date":"2024-01-03T17:08:15","date_gmt":"2024-01-03T22:08:15","guid":{"rendered":"https:\/\/gatu.camasarticuladas10.com\/?page_id=396"},"modified":"2024-03-28T13:27:35","modified_gmt":"2024-03-28T18:27:35","slug":"politicas-de-privacidad-y-cookies","status":"publish","type":"page","link":"https:\/\/gatu.camasarticuladas10.com\/?page_id=396","title":{"rendered":"Pol\u00edticas de Privacidad y Cookies"},"content":{"rendered":"\t\t<div data-elementor-type=\"wp-page\" data-elementor-id=\"396\" class=\"elementor elementor-396\" data-elementor-settings=\"{&quot;ha_cmc_init_switcher&quot;:&quot;no&quot;}\" data-elementor-post-type=\"page\">\n\t\t\t\t<div class=\"elementor-element elementor-element-4ab926f e-flex e-con-boxed e-con e-parent\" data-id=\"4ab926f\" data-element_type=\"container\" data-e-type=\"container\" data-settings=\"{&quot;_ha_eqh_enable&quot;:false}\">\n\t\t\t\t\t<div class=\"e-con-inner\">\n\t\t\t\t<div class=\"elementor-element elementor-element-1661306d elementor-widget elementor-widget-theme-post-title elementor-page-title elementor-widget-heading\" data-id=\"1661306d\" data-element_type=\"widget\" data-e-type=\"widget\" data-widget_type=\"theme-post-title.default\">\n\t\t\t\t<div class=\"elementor-widget-container\">\n\t\t\t\t\t<h1 class=\"elementor-heading-title elementor-size-default\">Pol\u00edticas de Privacidad y Cookies<\/h1>\t\t\t\t<\/div>\n\t\t\t\t<\/div>\n\t\t\t\t<div class=\"elementor-element elementor-element-636476d9 elementor-align-center elementor-widget elementor-widget-post-info\" data-id=\"636476d9\" data-element_type=\"widget\" data-e-type=\"widget\" data-widget_type=\"post-info.default\">\n\t\t\t\t<div class=\"elementor-widget-container\">\n\t\t\t\t\t\t\t<ul class=\"elementor-inline-items elementor-icon-list-items elementor-post-info\">\n\t\t\t\t\t\t\t\t<li class=\"elementor-icon-list-item elementor-repeater-item-6863c75 elementor-inline-item\" itemprop=\"author\">\n\t\t\t\t\t\t<a href=\"https:\/\/gatu.camasarticuladas10.com\/?author=1\">\n\t\t\t\t\t\t\t\t\t\t\t\t\t\t<span class=\"elementor-icon-list-text elementor-post-info__item elementor-post-info__item--type-author\">\n\t\t\t\t\t\t\t\t\t\tgatucatcafe\t\t\t\t\t<\/span>\n\t\t\t\t\t\t\t\t\t<\/a>\n\t\t\t\t<\/li>\n\t\t\t\t<\/ul>\n\t\t\t\t\t\t<\/div>\n\t\t\t\t<\/div>\n\t\t\t\t\t<\/div>\n\t\t\t\t<\/div>\n\t\t<div class=\"elementor-element elementor-element-35c924c7 e-con-full e-flex e-con e-parent\" data-id=\"35c924c7\" data-element_type=\"container\" data-e-type=\"container\" data-settings=\"{&quot;background_background&quot;:&quot;classic&quot;,&quot;_ha_eqh_enable&quot;:false}\">\n\t\t<div class=\"elementor-element elementor-element-70eb58b9 e-con-full e-flex e-con e-child\" data-id=\"70eb58b9\" data-element_type=\"container\" data-e-type=\"container\" data-settings=\"{&quot;_ha_eqh_enable&quot;:false}\">\n\t\t\t\t<div class=\"elementor-element elementor-element-60fdfa3e elementor-widget elementor-widget-heading\" data-id=\"60fdfa3e\" data-element_type=\"widget\" data-e-type=\"widget\" data-widget_type=\"heading.default\">\n\t\t\t\t<div class=\"elementor-widget-container\">\n\t\t\t\t\t<h2 class=\"elementor-heading-title elementor-size-default\">Pol\u00edticas de Privacidad y Cookies<\/h2>\t\t\t\t<\/div>\n\t\t\t\t<\/div>\n\t\t\t\t<div class=\"elementor-element elementor-element-7dacd0c5 elementor-widget elementor-widget-text-editor\" data-id=\"7dacd0c5\" data-element_type=\"widget\" data-e-type=\"widget\" data-widget_type=\"text-editor.default\">\n\t\t\t\t<div class=\"elementor-widget-container\">\n\t\t\t\t\t\t\t\t\t<ol>\n \t<li><strong>Introducci\u00f3n:<\/strong><\/li>\n<\/ol>\nEl presente documento contiene la Pol\u00edtica de Privacidad de la empresa: GATU S.A.C. (en adelante, GATU), la cual se encuentra en armon\u00eda con la normativa vigente sobre Protecci\u00f3n de Datos Personales (Ley N\u00b0 29733 y Decreto Supremo 003-2013-JUS). En la presente Pol\u00edtica de Privacidad se se\u00f1alan las finalidades de la informaci\u00f3n que usted nos otorga, qui\u00e9nes son los encargados de tratarla, el tiempo de almacenamiento en nuestras Bases de Datos, las medidas de protecci\u00f3n y los medios para ejercer sus derechos como titular de los Datos Personales.\n<br>\n<strong>\u00a0<\/strong>\n<ol start=\"2\">\n \t<li><strong>Alcance:<\/strong><\/li>\n<\/ol>\nLa presente Pol\u00edtica se aplica a todo tratamiento de datos personales por parte de GATU y tambi\u00e9n de aplicaci\u00f3n para aquellas personas o empresas a las que GATU encargue el tratamiento de datos personales de los cuales sea responsable.\n<br>\n<strong>\u00a0<\/strong>\n<ol start=\"3\">\n \t<li><strong>Sobre el tipo de Informaci\u00f3n recopilada:<\/strong><\/li>\n<\/ol>\nGATU recolecta informaci\u00f3n personal relativa al nombre, apellidos, correo electr\u00f3nico, n\u00famero telef\u00f3nico, y otra necesaria para cumplir con las finalidades detalladas m\u00e1s adelante. En nuestro sitio web, por medio de formularios virtuales contenidos en secciones como: \u201cReserva tu cita\u201d, \u201cSuscribirme\u201d, \u201cLibro de Reclamaciones\u201d y \u201cGat\u00fa Shop\u201d usted nos proporciona sus datos. Asimismo, ponemos en su conocimiento que esta informaci\u00f3n ser\u00e1 almacenada en nuestros bancos de datos denominado \u201cLibro de Reclamaciones\u201d o \u201cInteresados\u201d de propiedad de GATU.\n\nPor otro lado, para poder remitirle informaci\u00f3n de tipo publicitaria y de prospecci\u00f3n comercial, usted podr\u00e1 otorgarnos su autorizaci\u00f3n expresa por medio de los check box implementados en nuestros consentimientos, sin su autorizaci\u00f3n, GATU se abstendr\u00e1 a enviarle este tipo de emails.\n<br>\n<strong>\u00a0<\/strong>\n<ol start=\"4\">\n \t<li><strong>Finalidad de los Tratamientos de la Informaci\u00f3n Personal<\/strong><\/li>\n<\/ol>\nLas finalidades de tratamiento de los datos personales que nuestros clientes introducen en los diferentes formularios del sitio web se orientan a gestionar contestaci\u00f3n de sus consultas, peticiones, reservas, compras y la atenci\u00f3n de cualquier otro tipo de informaci\u00f3n que nos requieran a trav\u00e9s de \u00e9stos.\nLos datos personales que usted nos proporciona son utilizados para el cumplimiento de las siguientes finalidades:\n<ul>\n \t<li>Registrar los datos personales para fines estad\u00edsticos e hist\u00f3ricos.<\/li>\n \t<li>Atender todos los requerimientos y gestiones derivados de la relaci\u00f3n contractual sostenida con GATU;<\/li>\n \t<li>Establecer un medio de comunicaci\u00f3n efectivo para obtener respuesta a las consultas realizadas sobre alg\u00fan servicio o compra de alg\u00fan producto que solicita a GATU;<\/li>\n \t<li>Establecer un medio de comunicaci\u00f3n para brindarle respuesta a las solicitudes de gesti\u00f3n, quejas, reclamos presentados en el libro de reclamaciones.<\/li>\n<\/ul>\nAhora bien, en caso lo autorice expresamente, GATU podr\u00e1 utilizar la informaci\u00f3n que usted nos proporciona para el cumplimiento de las siguientes finalidades adicionales:\n<ul>\n \t<li>Comunicar informaci\u00f3n sobre promociones, beneficios, concursos, ofertas y, en general, realizar publicidad sobre productos y servicios de GATU;<\/li>\n \t<li>Realizar encuestas de satisfacci\u00f3n, de estudio de demanda, de efectividad de medios, entre otras, vinculadas con las actividades de GATU.\n<\/li>\n<\/ul>\n<br>\n<ol start=\"5\">\n \t<li><strong>Sobre el Acceso de Informaci\u00f3n:<\/strong><\/li>\n<\/ol>\nMediante la presente, usted nos autoriza a que podamos compartir y encargar el tratamiento de su informaci\u00f3n personal a terceros (sea empresas nacionales o internacionales) que nos presten servicios para mejorar nuestras actividades.\nEn estos casos, GATU garantizar\u00e1 que el tratamiento de sus datos se limite a las finalidades antes autorizadas, que se mantenga confidencial y se implementen las medidas de seguridad adecuadas.\n<br>\n<strong>\u00a0<\/strong>\n<ol start=\"6\">\n \t<li><strong>Plazo de Tratamiento de Datos Personales: <\/strong><\/li>\n<\/ol>\nLos datos personales tratados por GATU ser\u00e1n almacenados durante un tiempo indeterminado para cumplir los fines previstos en la presente Pol\u00edtica, de acuerdo con el banco de datos involucrado o hasta que usted solicite su cancelaci\u00f3n o eliminaci\u00f3n.\n<br>\n<strong>\u00a0<\/strong>\n<ol start=\"7\">\n \t<li><strong>Confidencialidad de los Datos Personales: <\/strong><\/li>\n<\/ol>\nLos datos personales facilitados por los clientes ser\u00e1n tratados con total confidencialidad. GATU se compromete a guardar secreto profesional respecto de los mismos y garantiza el deber de guardarlos adoptando todas las medidas de seguridad necesarias.\n<br>\n<strong>\u00a0<\/strong>\n<ol start=\"8\">\n \t<li><strong>Seguridad de los Datos Personales<\/strong><\/li>\n<\/ol>\nEn cumplimiento de la normativa vigente, GATU ha adoptado medidas de seguridad legales, organizativas y t\u00e9cnicas apropiadas para garantizar la seguridad de los datos personales, evitando su alteraci\u00f3n, p\u00e9rdida, tratamiento indebido o acceso no autorizado.\n\nEn ese sentido, GATU s\u00f3lo realizar\u00e1 el tratamiento de los datos personales que est\u00e9n almacenados en repositorios que re\u00fanan las condiciones de seguridad exigidas por la Normativa de Protecci\u00f3n de Datos Personales.\n<br>\n<strong>\u00a0<\/strong>\n<ol start=\"9\">\n \t<li><strong>Sobre el ejercicio de derechos como titular de Datos Personales: <\/strong><\/li>\n<\/ol>\nLos clientes y usuarios web que hayan facilitado sus datos personales a GATU pueden dirigirse a la suscrita, con el fin de poder ejercer sus derechos de informaci\u00f3n, de acceso, de actualizaci\u00f3n, inclusi\u00f3n, rectificaci\u00f3n y supresi\u00f3n, de impedir el suministro de sus datos personales, de oposici\u00f3n al tratamiento o de tratamiento objetivo de los datos, en los t\u00e9rminos recogidos en la legislaci\u00f3n peruana vigente.\n\nPara poder ejercer estos derechos, puede realizarlo a trav\u00e9s de la web de GATU <a href=\"https:\/\/gatu.camasarticuladas10.com\">www.gatu.pe<\/a>\n<br>\n<strong>\u00a0<\/strong>\n<ol start=\"10\">\n \t<li><strong>Consentimiento: <\/strong><\/li>\n<\/ol>\nAl aceptar esta Pol\u00edtica de Privacidad, nuestros clientes y usuarios web est\u00e1n de acuerdo con todos los aspectos expuestos en este documento y nos autorizan a tratar sus datos de car\u00e1cter personal para las finalidades expuestas en el presente documento.\n\nCabe precisar que GATU no requiere consentimiento para tratar sus datos personales obtenidos de fuentes accesibles al p\u00fablico, gratuitas o no; asimismo, podr\u00e1 tratar sus datos personales de fuentes no p\u00fablicas, siempre que dichas fuentes cuenten con su consentimiento para tratar y transferir dichos datos personales.\n<br><br>\n<strong>Autorizaci\u00f3n de uso de im\u00e1genes:<\/strong>\nEl cliente manifiesta su conformidad expresa y autoriza para que Gat\u00fa Cat Caf\u00e9 pueda utilizar indistintamente todas las im\u00e1genes, fotograf\u00edas, videos, material gr\u00e1fico, etc.; o parte de las mismas en las que intervenga. Asimismo, concede esta autorizaci\u00f3n con un \u00e1mbito territorial y temporal amplio, por lo que Gat\u00fa Cat Caf\u00e9 podr\u00e1 utilizar las im\u00e1genes, o parte de las mismas, en todo el territorio Peruano, en el \u00e1mbito y finalidades tanto de comunicaci\u00f3n y difusi\u00f3n de la actividad de Gat\u00fa Cat Caf\u00e9 como de cualquier otro proyecto, entendido \u00e9ste en su forma m\u00e1s amplia, destinado de forma enunciativa, pero no limitativa a la promoci\u00f3n de las actividades de actualidad y los que pudieran desarrollarse en el futuro.\n\nEsta autorizaci\u00f3n, en los t\u00e9rminos fijados en el presente documento, se entiende hecha con car\u00e1cter gratuito. Expresamente exime a Gat\u00fa Cat Caf\u00e9 de cualquier responsabilidad sobre cualquier uso que pueda hacer un tercero de las im\u00e1genes fuera del \u00e1mbito territorial, temporal y material objeto del presente acuerdo.\n\nEn caso de asistir con menores de edad, el adulto responsable firma por \u00e9l o ella, autorizando y aceptando que lo se\u00f1alado en los p\u00e1rrafos anteriores aplica tambi\u00e9n para dicho menor.\n<br>\n<strong>\u00a0<\/strong>\n<ol start=\"11\">\n \t<li><strong>Vigencia y Modificaci\u00f3n de la Pol\u00edtica de Privacidad<\/strong><\/li>\n<\/ol>\nGATU se reserva el derecho a modificar su Pol\u00edtica de Privacidad en el supuesto de que exista un cambio en la legislaci\u00f3n vigente, doctrinal, jurisprudencial o por criterios propios empresariales. GATU podr\u00e1 realizar modificaciones y correcciones a esta Pol\u00edtica de Privacidad. Si se introdujera alg\u00fan cambio en esta Pol\u00edtica, el nuevo texto se publicar\u00e1 en esta misma web. Por favor s\u00edrvase a verificar regularmente estos t\u00e9rminos para consultar los cambios que puedan haber existido y de qu\u00e9 manera le pueden afectar.\t\t\t\t\t\t\t\t<\/div>\n\t\t\t\t<\/div>\n\t\t\t\t<\/div>\n\t\t\t\t<\/div>\n\t\t<footer class=\"elementor-element elementor-element-6914ff8e e-flex e-con-boxed e-con e-parent\" data-id=\"6914ff8e\" data-element_type=\"container\" data-e-type=\"container\" data-settings=\"{&quot;background_background&quot;:&quot;gradient&quot;,&quot;_ha_eqh_enable&quot;:false}\">\n\t\t\t\t\t<div class=\"e-con-inner\">\n\t\t\t\t<div class=\"elementor-element elementor-element-aac7915 elementor-widget elementor-widget-heading\" data-id=\"aac7915\" data-element_type=\"widget\" data-e-type=\"widget\" data-widget_type=\"heading.default\">\n\t\t\t\t<div class=\"elementor-widget-container\">\n\t\t\t\t\t<h2 class=\"elementor-heading-title elementor-size-default\">\u00bfTienes alguna sugerencia? Escr\u00edbenos.<\/h2>\t\t\t\t<\/div>\n\t\t\t\t<\/div>\n\t\t\t\t<div class=\"elementor-element elementor-element-1716460e elementor-widget__width-inherit elementor-button-align-stretch elementor-widget elementor-widget-form\" data-id=\"1716460e\" data-element_type=\"widget\" data-e-type=\"widget\" data-settings=\"{&quot;step_next_label&quot;:&quot;Anterior&quot;,&quot;step_previous_label&quot;:&quot;Siguiente&quot;,&quot;button_width&quot;:&quot;33&quot;,&quot;step_type&quot;:&quot;number_text&quot;,&quot;step_icon_shape&quot;:&quot;circle&quot;}\" data-widget_type=\"form.default\">\n\t\t\t\t<div class=\"elementor-widget-container\">\n\t\t\t\t\t\t\t<form class=\"elementor-form\" method=\"post\" name=\"Newsletter Form\">\n\t\t\t<input type=\"hidden\" name=\"post_id\" value=\"396\"\/>\n\t\t\t<input type=\"hidden\" name=\"form_id\" value=\"1716460e\"\/>\n\t\t\t<input type=\"hidden\" name=\"referer_title\" value=\"Pol\u00edticas de Privacidad y Cookies\" \/>\n\n\t\t\t\t\t\t\t<input type=\"hidden\" name=\"queried_id\" value=\"396\"\/>\n\t\t\t\n\t\t\t<div class=\"elementor-form-fields-wrapper elementor-labels-\">\n\t\t\t\t\t\t\t\t<div class=\"elementor-field-type-text elementor-field-group elementor-column elementor-field-group-field_7a6d165 elementor-col-33\">\n\t\t\t\t\t\t\t\t\t\t\t\t<label for=\"form-field-field_7a6d165\" class=\"elementor-field-label elementor-screen-only\">\n\t\t\t\t\t\t\t\tNombre\t\t\t\t\t\t\t<\/label>\n\t\t\t\t\t\t\t\t\t\t\t\t\t\t<input size=\"1\" type=\"text\" name=\"form_fields[field_7a6d165]\" id=\"form-field-field_7a6d165\" class=\"elementor-field elementor-size-md  elementor-field-textual\" placeholder=\"Nombre\">\n\t\t\t\t\t\t\t\t\t\t\t<\/div>\n\t\t\t\t\t\t\t\t<div class=\"elementor-field-type-email elementor-field-group elementor-column elementor-field-group-email elementor-col-33 elementor-field-required\">\n\t\t\t\t\t\t\t\t\t\t\t\t<label for=\"form-field-email\" class=\"elementor-field-label elementor-screen-only\">\n\t\t\t\t\t\t\t\tEmail\t\t\t\t\t\t\t<\/label>\n\t\t\t\t\t\t\t\t\t\t\t\t\t\t<input size=\"1\" type=\"email\" name=\"form_fields[email]\" id=\"form-field-email\" class=\"elementor-field elementor-size-md  elementor-field-textual\" placeholder=\"Email\" required=\"required\" aria-required=\"true\">\n\t\t\t\t\t\t\t\t\t\t\t<\/div>\n\t\t\t\t\t\t\t\t<div class=\"elementor-field-group elementor-column elementor-field-type-submit elementor-col-33 e-form__buttons\">\n\t\t\t\t\t<button class=\"elementor-button elementor-size-md\" type=\"submit\">\n\t\t\t\t\t\t<span class=\"elementor-button-content-wrapper\">\n\t\t\t\t\t\t\t\t\t\t\t\t\t\t\t\t\t\t\t\t\t\t<span class=\"elementor-button-text\">Enviar<\/span>\n\t\t\t\t\t\t\t\t\t\t\t\t\t<\/span>\n\t\t\t\t\t<\/button>\n\t\t\t\t<\/div>\n\t\t\t<\/div>\n\t\t<\/form>\n\t\t\t\t\t\t<\/div>\n\t\t\t\t<\/div>\n\t\t\t\t\t<\/div>\n\t\t\t\t<\/footer>\n\t\t\t\t<\/div>\n\t\t","protected":false},"excerpt":{"rendered":"<p>Pol\u00edticas de Privacidad y Cookies Introducci\u00f3n: El presente documento contiene la Pol\u00edtica de Privacidad de la empresa: GATU S.A.C. (en adelante, GATU), la cual se encuentra en armon\u00eda con la normativa vigente sobre Protecci\u00f3n de Datos Personales (Ley N\u00b0 29733 y Decreto Supremo 003-2013-JUS). En la presente Pol\u00edtica de Privacidad se se\u00f1alan las finalidades de [&hellip;]<\/p>\n","protected":false},"author":1,"featured_media":0,"parent":0,"menu_order":0,"comment_status":"closed","ping_status":"open","template":"elementor_header_footer","meta":{"_acf_changed":false,"om_disable_all_campaigns":false,"_themeisle_gutenberg_block_has_review":false,"footnotes":""},"class_list":["post-396","page","type-page","status-publish","hentry"],"acf":[],"_links":{"self":[{"href":"https:\/\/gatu.camasarticuladas10.com\/index.php?rest_route=\/wp\/v2\/pages\/396","targetHints":{"allow":["GET"]}}],"collection":[{"href":"https:\/\/gatu.camasarticuladas10.com\/index.php?rest_route=\/wp\/v2\/pages"}],"about":[{"href":"https:\/\/gatu.camasarticuladas10.com\/index.php?rest_route=\/wp\/v2\/types\/page"}],"author":[{"embeddable":true,"href":"https:\/\/gatu.camasarticuladas10.com\/index.php?rest_route=\/wp\/v2\/users\/1"}],"replies":[{"embeddable":true,"href":"https:\/\/gatu.camasarticuladas10.com\/index.php?rest_route=%2Fwp%2Fv2%2Fcomments&post=396"}],"version-history":[{"count":0,"href":"https:\/\/gatu.camasarticuladas10.com\/index.php?rest_route=\/wp\/v2\/pages\/396\/revisions"}],"wp:attachment":[{"href":"https:\/\/gatu.camasarticuladas10.com\/index.php?rest_route=%2Fwp%2Fv2%2Fmedia&parent=396"}],"curies":[{"name":"wp","href":"https:\/\/api.w.org\/{rel}","templated":true}]}}