{"id":197,"date":"2023-12-30T11:06:49","date_gmt":"2023-12-30T16:06:49","guid":{"rendered":"https:\/\/gatu.camasarticuladas10.com\/?page_id=197"},"modified":"2024-10-10T15:19:12","modified_gmt":"2024-10-10T20:19:12","slug":"terminosycondiciones","status":"publish","type":"page","link":"https:\/\/gatu.camasarticuladas10.com\/?page_id=197","title":{"rendered":"T\u00e9rminos y Condiciones"},"content":{"rendered":"\t\t<div data-elementor-type=\"wp-page\" data-elementor-id=\"197\" class=\"elementor elementor-197\" data-elementor-settings=\"{&quot;ha_cmc_init_switcher&quot;:&quot;no&quot;}\" data-elementor-post-type=\"page\">\n\t\t\t\t<div class=\"elementor-element elementor-element-4ab926f e-flex e-con-boxed e-con e-parent\" data-id=\"4ab926f\" data-element_type=\"container\" data-e-type=\"container\" data-settings=\"{&quot;_ha_eqh_enable&quot;:false}\">\n\t\t\t\t\t<div class=\"e-con-inner\">\n\t\t\t\t<div class=\"elementor-element elementor-element-1661306d elementor-widget elementor-widget-theme-post-title elementor-page-title elementor-widget-heading\" data-id=\"1661306d\" data-element_type=\"widget\" data-e-type=\"widget\" data-widget_type=\"theme-post-title.default\">\n\t\t\t\t<div class=\"elementor-widget-container\">\n\t\t\t\t\t<h1 class=\"elementor-heading-title elementor-size-default\">T\u00e9rminos y Condiciones<\/h1>\t\t\t\t<\/div>\n\t\t\t\t<\/div>\n\t\t\t\t<div class=\"elementor-element elementor-element-636476d9 elementor-align-center elementor-widget elementor-widget-post-info\" data-id=\"636476d9\" data-element_type=\"widget\" data-e-type=\"widget\" data-widget_type=\"post-info.default\">\n\t\t\t\t<div class=\"elementor-widget-container\">\n\t\t\t\t\t\t\t<ul class=\"elementor-inline-items elementor-icon-list-items elementor-post-info\">\n\t\t\t\t\t\t\t\t<li class=\"elementor-icon-list-item elementor-repeater-item-6863c75 elementor-inline-item\" itemprop=\"author\">\n\t\t\t\t\t\t<a href=\"https:\/\/gatu.camasarticuladas10.com\/?author=1\">\n\t\t\t\t\t\t\t\t\t\t\t\t\t\t<span class=\"elementor-icon-list-text elementor-post-info__item elementor-post-info__item--type-author\">\n\t\t\t\t\t\t\t\t\t\tgatucatcafe\t\t\t\t\t<\/span>\n\t\t\t\t\t\t\t\t\t<\/a>\n\t\t\t\t<\/li>\n\t\t\t\t<\/ul>\n\t\t\t\t\t\t<\/div>\n\t\t\t\t<\/div>\n\t\t\t\t\t<\/div>\n\t\t\t\t<\/div>\n\t\t<div class=\"elementor-element elementor-element-35c924c7 e-con-full e-flex e-con e-parent\" data-id=\"35c924c7\" data-element_type=\"container\" data-e-type=\"container\" data-settings=\"{&quot;background_background&quot;:&quot;classic&quot;,&quot;_ha_eqh_enable&quot;:false}\">\n\t\t<div class=\"elementor-element elementor-element-70eb58b9 e-con-full e-flex e-con e-child\" data-id=\"70eb58b9\" data-element_type=\"container\" data-e-type=\"container\" data-settings=\"{&quot;_ha_eqh_enable&quot;:false}\">\n\t\t\t\t<div class=\"elementor-element elementor-element-60fdfa3e elementor-widget elementor-widget-heading\" data-id=\"60fdfa3e\" data-element_type=\"widget\" data-e-type=\"widget\" data-widget_type=\"heading.default\">\n\t\t\t\t<div class=\"elementor-widget-container\">\n\t\t\t\t\t<h2 class=\"elementor-heading-title elementor-size-default\">T\u00e9rminos y condiciones de ZONA GAT\u00daS<br>\nGAT\u00da CAT CAF\u00c9\n<\/h2>\t\t\t\t<\/div>\n\t\t\t\t<\/div>\n\t\t\t\t<div class=\"elementor-element elementor-element-7dacd0c5 elementor-widget elementor-widget-text-editor\" data-id=\"7dacd0c5\" data-element_type=\"widget\" data-e-type=\"widget\" data-widget_type=\"text-editor.default\">\n\t\t\t\t<div class=\"elementor-widget-container\">\n\t\t\t\t\t\t\t\t\t<p>Al ingresar a la <b>Zona Gat\u00fas<\/b>, todo cliente acepta expresamente los siguientes <b>T\u00e9rminos y Condiciones<\/b>:<\/p>\t\t\t\t\t\t\t\t<\/div>\n\t\t\t\t<\/div>\n\t\t\t\t<div class=\"elementor-element elementor-element-71a8edd elementor-widget elementor-widget-text-editor\" data-id=\"71a8edd\" data-element_type=\"widget\" data-e-type=\"widget\" data-widget_type=\"text-editor.default\">\n\t\t\t\t<div class=\"elementor-widget-container\">\n\t\t\t\t\t\t\t\t\t<p>1. No se aceptan cambios ni devoluciones en la reserva.<\/p><p>2.\u00a0El personal de Gat\u00fa Cat Caf\u00e9 permanecer\u00e1 disponible para supervisar la interacci\u00f3n de los clientes con los gatos.<\/p><p>3. Gat\u00fa Cat Caf\u00e9 no ofrece garant\u00edas sobre ning\u00fan nivel de monitoreo o control del comportamiento de los gatos. Asimismo, los clientes deber\u00e1n cumplir con todas las instrucciones y reglas, siendo que su incumplimiento determinar\u00e1 que deba retirarse del interior de la Zona Gat\u00fas. De otro lado, se deja constancia que, en ese caso, el cliente no recibir\u00e1 un reembolso por su entrada si transgrede o turba las instrucciones y\/o las reglas de interacci\u00f3n estipuladas para tener contacto con los gatos.<\/p><p>4. En Gat\u00fa Cat Caf\u00e9 respetamos el sue\u00f1o y espacio de nuestros gat\u00fas. Si bien entendemos que todos tienen ganas de interactuar con ellos, si entran en un turno en el que est\u00e1n dormidos o no tienen ganas de estar con humanos, debemos respetarlos. Si bien nuestros gat\u00fas son sociables y les gusta la compa\u00f1\u00eda de humanos, no podemos garantizar que en cada ingreso a la Zona Gat\u00fas todos puedan interactuar con ellos.<\/p><p>5. Con relaci\u00f3n a la participaci\u00f3n del cliente y\/o la participaci\u00f3n de menores a su cargo (si los hubiere existe un l\u00edmite de 3 menores por adulto), en las actividades en la Zona Gat\u00fas, se acepta y se deja constancia de su renuncia a realizar cualquier acci\u00f3n judicial, policial o administrativa, e inclusive a no demandar a Gat\u00fa Cat Caf\u00e9, Zona Gat\u00fas, afiliados, empleados, agentes u otros proveedores involucrados (en lo sucesivo denominados colectivamente \u00abLiberados\u00bb) de y contra cualquier reclamo o acci\u00f3n, que surja de o est\u00e9 relacionado con cualquier p\u00e9rdida, da\u00f1o o lesi\u00f3n, que pueda sufrir o padecer.<\/p><p>6. Se deja constancia que cuando los clientes participan en actividades en la Zona Gat\u00fas, de cualquier tipo, incluido, entre otros, cualquier riesgo inherente que exista con las interacciones con los animales, asumen y aceptan todo riesgo por su participaci\u00f3n en estas actividades, incluidas, entre otras, lesiones personales, as\u00ed como a las personas que se encuentren bajo su custodia, e inclusive da\u00f1os a la propiedad.<\/p><p>7. En caso de lesiones en las que pueda incurrir un cliente o los menores a su cargo mientras participan en una y\/o cualquier actividad de interacci\u00f3n, los clientes autorizan organizar su traslado o el de los menores bajo su cuidado en ambulancia a un centro de salud a cargo y costo del cliente, en caso resultase alguna lesi\u00f3n.<\/p><p>8. Los clientes declaran expresamente que al solicitar consumir bebidas dentro de la Zona Gat\u00fas lo hacen bajo su responsabilidad y aceptan expresamente que podr\u00edan haber pelos de gato en la zona, sin que puedan quejarse o reclamar tal situaci\u00f3n.<\/p><p>9. Los clientes, en su condici\u00f3n de personas mayores de edad y de gozar de todas sus capacidades f\u00edsicas y mentales, se ratifican en lo expresado l\u00edneas arriba, y declaran que al aceptar los t\u00e9rminos y condiciones de este documento no ha mediado error, dolo o violencia f\u00edsica o psicol\u00f3gica alguna que pudiera invalidar sus efectos total o parcialmente, acept\u00e1ndolo sin coacci\u00f3n alguna, en se\u00f1al de conformidad.<\/p><p>10. Por \u00faltimo, y en caso de que el cliente o alguien que act\u00fae en su nombre elija impugnar las disposiciones de estos T\u00e9rminos y Condiciones, el cliente acepta indemnizar y mantener todas las penalidades en las que pueda incurrir en favor de Gat\u00fa Cat Caf\u00e9.<\/p>\t\t\t\t\t\t\t\t<\/div>\n\t\t\t\t<\/div>\n\t\t\t\t<div class=\"elementor-element elementor-element-876c3ac elementor-widget elementor-widget-text-editor\" data-id=\"876c3ac\" data-element_type=\"widget\" data-e-type=\"widget\" data-widget_type=\"text-editor.default\">\n\t\t\t\t<div class=\"elementor-widget-container\">\n\t\t\t\t\t\t\t\t\t<div><p><b><u>AUTORIZACI\u00d3N DE USO DE IM\u00c1GENES<\/u><\/b><\/p><p><b><u>\u00a0<\/u><\/b><\/p><\/div><p>Al firmar el presente documento el cliente manifiesta su conformidad expresa y autoriza para que Gat\u00fa Cat Caf\u00e9 pueda utilizar indistintamente todas las im\u00e1genes, fotograf\u00edas, videos, material gr\u00e1fico, etc.; o parte de las mismas en las que intervenga. Asimismo, concede esta autorizaci\u00f3n con un \u00e1mbito territorial y temporal amplio, por lo que Gat\u00fa Cat Caf\u00e9 podr\u00e1 utilizar las im\u00e1genes, o parte de las mismas, en todo el territorio Peruano, en el \u00e1mbito y finalidades tanto de comunicaci\u00f3n y difusi\u00f3n de la actividad de Gat\u00fa Cat Caf\u00e9 como de cualquier otro proyecto, entendido \u00e9ste en su forma m\u00e1s amplia, destinado de forma enunciativa, pero no limitativa a la promoci\u00f3n de las actividades de actualidad y los que pudieran desarrollarse en el futuro.<\/p><p>\u00a0Esta autorizaci\u00f3n, en los t\u00e9rminos fijados en el presente documento, se entiende hecha con car\u00e1cter gratuito.<\/p><p>Expresamente exime a Gat\u00fa Cat Caf\u00e9 de cualquier responsabilidad sobre cualquier uso que pueda hacer un tercero de las im\u00e1genes fuera del \u00e1mbito territorial, temporal y material objeto del presente acuerdo.\u00a0<\/p><p>\u00a0En caso de asistir con menores de edad, el adulto responsable firma por \u00e9l o ella, autorizando y aceptando que lo se\u00f1alado en los p\u00e1rrafos anteriores aplica tambi\u00e9n para dicho menor.\u00a0<\/p>\t\t\t\t\t\t\t\t<\/div>\n\t\t\t\t<\/div>\n\t\t\t\t<\/div>\n\t\t\t\t<\/div>\n\t\t<footer class=\"elementor-element elementor-element-6914ff8e e-flex e-con-boxed e-con e-parent\" data-id=\"6914ff8e\" data-element_type=\"container\" data-e-type=\"container\" data-settings=\"{&quot;background_background&quot;:&quot;gradient&quot;,&quot;_ha_eqh_enable&quot;:false}\">\n\t\t\t\t\t<div class=\"e-con-inner\">\n\t\t\t\t<div class=\"elementor-element elementor-element-aac7915 elementor-widget elementor-widget-heading\" data-id=\"aac7915\" data-element_type=\"widget\" data-e-type=\"widget\" data-widget_type=\"heading.default\">\n\t\t\t\t<div class=\"elementor-widget-container\">\n\t\t\t\t\t<h2 class=\"elementor-heading-title elementor-size-default\">\u00bfTienes alguna sugerencia? Escr\u00edbenos.<\/h2>\t\t\t\t<\/div>\n\t\t\t\t<\/div>\n\t\t\t\t<div class=\"elementor-element elementor-element-1716460e elementor-widget__width-inherit elementor-button-align-stretch elementor-widget elementor-widget-form\" data-id=\"1716460e\" data-element_type=\"widget\" data-e-type=\"widget\" data-settings=\"{&quot;step_next_label&quot;:&quot;Anterior&quot;,&quot;step_previous_label&quot;:&quot;Siguiente&quot;,&quot;button_width&quot;:&quot;33&quot;,&quot;step_type&quot;:&quot;number_text&quot;,&quot;step_icon_shape&quot;:&quot;circle&quot;}\" data-widget_type=\"form.default\">\n\t\t\t\t<div class=\"elementor-widget-container\">\n\t\t\t\t\t\t\t<form class=\"elementor-form\" method=\"post\" name=\"Newsletter Form\">\n\t\t\t<input type=\"hidden\" name=\"post_id\" value=\"197\"\/>\n\t\t\t<input type=\"hidden\" name=\"form_id\" value=\"1716460e\"\/>\n\t\t\t<input type=\"hidden\" name=\"referer_title\" value=\"T\u00e9rminos y Condiciones\" \/>\n\n\t\t\t\t\t\t\t<input type=\"hidden\" name=\"queried_id\" value=\"197\"\/>\n\t\t\t\n\t\t\t<div class=\"elementor-form-fields-wrapper elementor-labels-\">\n\t\t\t\t\t\t\t\t<div class=\"elementor-field-type-text elementor-field-group elementor-column elementor-field-group-field_7a6d165 elementor-col-33\">\n\t\t\t\t\t\t\t\t\t\t\t\t<label for=\"form-field-field_7a6d165\" class=\"elementor-field-label elementor-screen-only\">\n\t\t\t\t\t\t\t\tNombre\t\t\t\t\t\t\t<\/label>\n\t\t\t\t\t\t\t\t\t\t\t\t\t\t<input size=\"1\" type=\"text\" name=\"form_fields[field_7a6d165]\" id=\"form-field-field_7a6d165\" class=\"elementor-field elementor-size-md  elementor-field-textual\" placeholder=\"Nombre\">\n\t\t\t\t\t\t\t\t\t\t\t<\/div>\n\t\t\t\t\t\t\t\t<div class=\"elementor-field-type-email elementor-field-group elementor-column elementor-field-group-email elementor-col-33 elementor-field-required\">\n\t\t\t\t\t\t\t\t\t\t\t\t<label for=\"form-field-email\" class=\"elementor-field-label elementor-screen-only\">\n\t\t\t\t\t\t\t\tEmail\t\t\t\t\t\t\t<\/label>\n\t\t\t\t\t\t\t\t\t\t\t\t\t\t<input size=\"1\" type=\"email\" name=\"form_fields[email]\" id=\"form-field-email\" class=\"elementor-field elementor-size-md  elementor-field-textual\" placeholder=\"Email\" required=\"required\" aria-required=\"true\">\n\t\t\t\t\t\t\t\t\t\t\t<\/div>\n\t\t\t\t\t\t\t\t<div class=\"elementor-field-group elementor-column elementor-field-type-submit elementor-col-33 e-form__buttons\">\n\t\t\t\t\t<button class=\"elementor-button elementor-size-md\" type=\"submit\">\n\t\t\t\t\t\t<span class=\"elementor-button-content-wrapper\">\n\t\t\t\t\t\t\t\t\t\t\t\t\t\t\t\t\t\t\t\t\t\t<span class=\"elementor-button-text\">Enviar<\/span>\n\t\t\t\t\t\t\t\t\t\t\t\t\t<\/span>\n\t\t\t\t\t<\/button>\n\t\t\t\t<\/div>\n\t\t\t<\/div>\n\t\t<\/form>\n\t\t\t\t\t\t<\/div>\n\t\t\t\t<\/div>\n\t\t\t\t\t<\/div>\n\t\t\t\t<\/footer>\n\t\t\t\t<\/div>\n\t\t","protected":false},"excerpt":{"rendered":"<p>Al ingresar a la Zona Gat\u00fas, todo cliente acepta expresamente los T\u00e9rminos Y Condiciones la ZONA GAT\u00daS del GAT\u00da CAT CAF\u00c9.<\/p>\n","protected":false},"author":1,"featured_media":0,"parent":0,"menu_order":0,"comment_status":"closed","ping_status":"open","template":"elementor_header_footer","meta":{"_acf_changed":false,"om_disable_all_campaigns":false,"_themeisle_gutenberg_block_has_review":false,"footnotes":""},"class_list":["post-197","page","type-page","status-publish","hentry"],"acf":[],"_links":{"self":[{"href":"https:\/\/gatu.camasarticuladas10.com\/index.php?rest_route=\/wp\/v2\/pages\/197","targetHints":{"allow":["GET"]}}],"collection":[{"href":"https:\/\/gatu.camasarticuladas10.com\/index.php?rest_route=\/wp\/v2\/pages"}],"about":[{"href":"https:\/\/gatu.camasarticuladas10.com\/index.php?rest_route=\/wp\/v2\/types\/page"}],"author":[{"embeddable":true,"href":"https:\/\/gatu.camasarticuladas10.com\/index.php?rest_route=\/wp\/v2\/users\/1"}],"replies":[{"embeddable":true,"href":"https:\/\/gatu.camasarticuladas10.com\/index.php?rest_route=%2Fwp%2Fv2%2Fcomments&post=197"}],"version-history":[{"count":7,"href":"https:\/\/gatu.camasarticuladas10.com\/index.php?rest_route=\/wp\/v2\/pages\/197\/revisions"}],"predecessor-version":[{"id":3746,"href":"https:\/\/gatu.camasarticuladas10.com\/index.php?rest_route=\/wp\/v2\/pages\/197\/revisions\/3746"}],"wp:attachment":[{"href":"https:\/\/gatu.camasarticuladas10.com\/index.php?rest_route=%2Fwp%2Fv2%2Fmedia&parent=197"}],"curies":[{"name":"wp","href":"https:\/\/api.w.org\/{rel}","templated":true}]}}